{"id":6873,"date":"2025-07-15T14:29:37","date_gmt":"2025-07-15T12:29:37","guid":{"rendered":"https:\/\/new26.internatsolling.de\/solling26\/wordpress\/internat-solling-lycee-agree-par-letat\/"},"modified":"2026-04-22T15:10:30","modified_gmt":"2026-04-22T13:10:30","slug":"internat-solling-lycee-agree-par-letat","status":"publish","type":"page","link":"https:\/\/internatsolling.de\/fr\/","title":{"rendered":"Internat Solling \u2013 lyc\u00e9e agr\u00e9\u00e9 par l\u2019\u00c9tat"},"content":{"rendered":"","protected":false},"excerpt":{"rendered":"","protected":false},"author":6,"featured_media":0,"parent":0,"menu_order":0,"comment_status":"closed","ping_status":"closed","template":"","meta":{"_acf_changed":false,"inline_featured_image":false,"footnotes":""},"class_list":["post-6873","page","type-page","status-publish","hentry"],"acf":[],"yoast_head":"<!-- This site is optimized with the Yoast SEO plugin v27.4 - https:\/\/yoast.com\/product\/yoast-seo-wordpress\/ -->\n<title>Internat Solling \u2013 lyc\u00e9e agr\u00e9\u00e9 par l\u2019\u00c9tat - Internat Solling \u2013 Staatlich anerkanntes Internats-Gymnasium<\/title>\n<meta name=\"robots\" content=\"index, follow, max-snippet:-1, max-image-preview:large, max-video-preview:-1\" \/>\n<link rel=\"canonical\" href=\"https:\/\/internatsolling.de\/fr\/\" \/>\n<meta property=\"og:locale\" content=\"fr_FR\" \/>\n<meta property=\"og:type\" content=\"article\" \/>\n<meta property=\"og:title\" content=\"Internat Solling \u2013 lyc\u00e9e agr\u00e9\u00e9 par l\u2019\u00c9tat - Internat Solling \u2013 Staatlich anerkanntes Internats-Gymnasium\" \/>\n<meta property=\"og:url\" content=\"https:\/\/internatsolling.de\/fr\/\" \/>\n<meta property=\"og:site_name\" content=\"Internat Solling \u2013 Staatlich anerkanntes Internats-Gymnasium\" \/>\n<meta property=\"article:publisher\" content=\"https:\/\/www.facebook.com\/InternatSolling\" \/>\n<meta property=\"article:modified_time\" content=\"2026-04-22T13:10:30+00:00\" \/>\n<meta name=\"twitter:card\" content=\"summary_large_image\" \/>\n<meta name=\"twitter:label1\" content=\"Dur\u00e9e de lecture estim\u00e9e\" \/>\n\t<meta name=\"twitter:data1\" content=\"6 minutes\" \/>\n<script type=\"application\/ld+json\" class=\"yoast-schema-graph\">{\"@context\":\"https:\\\/\\\/schema.org\",\"@graph\":[{\"@type\":\"WebPage\",\"@id\":\"https:\\\/\\\/internatsolling.de\\\/fr\\\/\",\"url\":\"https:\\\/\\\/internatsolling.de\\\/fr\\\/\",\"name\":\"Internat Solling \u2013 lyc\u00e9e agr\u00e9\u00e9 par l\u2019\u00c9tat - Internat Solling \u2013 Staatlich anerkanntes Internats-Gymnasium\",\"isPartOf\":{\"@id\":\"https:\\\/\\\/internatsolling.de\\\/fr\\\/#website\"},\"datePublished\":\"2025-07-15T12:29:37+00:00\",\"dateModified\":\"2026-04-22T13:10:30+00:00\",\"breadcrumb\":{\"@id\":\"https:\\\/\\\/internatsolling.de\\\/fr\\\/#breadcrumb\"},\"inLanguage\":\"fr-FR\",\"potentialAction\":[{\"@type\":\"ReadAction\",\"target\":[\"https:\\\/\\\/internatsolling.de\\\/fr\\\/\"]}]},{\"@type\":\"BreadcrumbList\",\"@id\":\"https:\\\/\\\/internatsolling.de\\\/fr\\\/#breadcrumb\",\"itemListElement\":[{\"@type\":\"ListItem\",\"position\":1,\"name\":\"Startseite\",\"item\":\"https:\\\/\\\/internatsolling.de\\\/fr\\\/internat-solling-lycee-agree-par-letat\\\/\"},{\"@type\":\"ListItem\",\"position\":2,\"name\":\"Internat Solling \u2013 lyc\u00e9e agr\u00e9\u00e9 par l\u2019\u00c9tat\"}]},{\"@type\":\"WebSite\",\"@id\":\"https:\\\/\\\/internatsolling.de\\\/fr\\\/#website\",\"url\":\"https:\\\/\\\/internatsolling.de\\\/fr\\\/\",\"name\":\"Solling\",\"description\":\"\",\"publisher\":{\"@id\":\"https:\\\/\\\/internatsolling.de\\\/fr\\\/#organization\"},\"potentialAction\":[{\"@type\":\"SearchAction\",\"target\":{\"@type\":\"EntryPoint\",\"urlTemplate\":\"https:\\\/\\\/internatsolling.de\\\/fr\\\/?s={search_term_string}\"},\"query-input\":{\"@type\":\"PropertyValueSpecification\",\"valueRequired\":true,\"valueName\":\"search_term_string\"}}],\"inLanguage\":\"fr-FR\"},{\"@type\":\"Organization\",\"@id\":\"https:\\\/\\\/internatsolling.de\\\/fr\\\/#organization\",\"name\":\"Solling\",\"url\":\"https:\\\/\\\/internatsolling.de\\\/fr\\\/\",\"logo\":{\"@type\":\"ImageObject\",\"inLanguage\":\"fr-FR\",\"@id\":\"https:\\\/\\\/internatsolling.de\\\/fr\\\/#\\\/schema\\\/logo\\\/image\\\/\",\"url\":\"https:\\\/\\\/internatsolling.de\\\/wp-content\\\/uploads\\\/2025\\\/11\\\/cropped-LSH-Favicon.png\",\"contentUrl\":\"https:\\\/\\\/internatsolling.de\\\/wp-content\\\/uploads\\\/2025\\\/11\\\/cropped-LSH-Favicon.png\",\"width\":512,\"height\":512,\"caption\":\"Solling\"},\"image\":{\"@id\":\"https:\\\/\\\/internatsolling.de\\\/fr\\\/#\\\/schema\\\/logo\\\/image\\\/\"},\"sameAs\":[\"https:\\\/\\\/www.facebook.com\\\/InternatSolling\",\"https:\\\/\\\/www.tiktok.com\\\/@internat.solling\",\"https:\\\/\\\/www.youtube.com\\\/channel\\\/UCky9U8RvqgUCl-x99OEZprA\",\"https:\\\/\\\/www.instagram.com\\\/internat.solling\"]}]}<\/script>\n<!-- \/ Yoast SEO plugin. -->","yoast_head_json":{"title":"Internat Solling \u2013 lyc\u00e9e agr\u00e9\u00e9 par l\u2019\u00c9tat - Internat Solling \u2013 Staatlich anerkanntes Internats-Gymnasium","robots":{"index":"index","follow":"follow","max-snippet":"max-snippet:-1","max-image-preview":"max-image-preview:large","max-video-preview":"max-video-preview:-1"},"canonical":"https:\/\/internatsolling.de\/fr\/","og_locale":"fr_FR","og_type":"article","og_title":"Internat Solling \u2013 lyc\u00e9e agr\u00e9\u00e9 par l\u2019\u00c9tat - Internat Solling \u2013 Staatlich anerkanntes Internats-Gymnasium","og_url":"https:\/\/internatsolling.de\/fr\/","og_site_name":"Internat Solling \u2013 Staatlich anerkanntes Internats-Gymnasium","article_publisher":"https:\/\/www.facebook.com\/InternatSolling","article_modified_time":"2026-04-22T13:10:30+00:00","twitter_card":"summary_large_image","twitter_misc":{"Dur\u00e9e de lecture estim\u00e9e":"6 minutes"},"schema":{"@context":"https:\/\/schema.org","@graph":[{"@type":"WebPage","@id":"https:\/\/internatsolling.de\/fr\/","url":"https:\/\/internatsolling.de\/fr\/","name":"Internat Solling \u2013 lyc\u00e9e agr\u00e9\u00e9 par l\u2019\u00c9tat - Internat Solling \u2013 Staatlich anerkanntes Internats-Gymnasium","isPartOf":{"@id":"https:\/\/internatsolling.de\/fr\/#website"},"datePublished":"2025-07-15T12:29:37+00:00","dateModified":"2026-04-22T13:10:30+00:00","breadcrumb":{"@id":"https:\/\/internatsolling.de\/fr\/#breadcrumb"},"inLanguage":"fr-FR","potentialAction":[{"@type":"ReadAction","target":["https:\/\/internatsolling.de\/fr\/"]}]},{"@type":"BreadcrumbList","@id":"https:\/\/internatsolling.de\/fr\/#breadcrumb","itemListElement":[{"@type":"ListItem","position":1,"name":"Startseite","item":"https:\/\/internatsolling.de\/fr\/internat-solling-lycee-agree-par-letat\/"},{"@type":"ListItem","position":2,"name":"Internat Solling \u2013 lyc\u00e9e agr\u00e9\u00e9 par l\u2019\u00c9tat"}]},{"@type":"WebSite","@id":"https:\/\/internatsolling.de\/fr\/#website","url":"https:\/\/internatsolling.de\/fr\/","name":"Solling","description":"","publisher":{"@id":"https:\/\/internatsolling.de\/fr\/#organization"},"potentialAction":[{"@type":"SearchAction","target":{"@type":"EntryPoint","urlTemplate":"https:\/\/internatsolling.de\/fr\/?s={search_term_string}"},"query-input":{"@type":"PropertyValueSpecification","valueRequired":true,"valueName":"search_term_string"}}],"inLanguage":"fr-FR"},{"@type":"Organization","@id":"https:\/\/internatsolling.de\/fr\/#organization","name":"Solling","url":"https:\/\/internatsolling.de\/fr\/","logo":{"@type":"ImageObject","inLanguage":"fr-FR","@id":"https:\/\/internatsolling.de\/fr\/#\/schema\/logo\/image\/","url":"https:\/\/internatsolling.de\/wp-content\/uploads\/2025\/11\/cropped-LSH-Favicon.png","contentUrl":"https:\/\/internatsolling.de\/wp-content\/uploads\/2025\/11\/cropped-LSH-Favicon.png","width":512,"height":512,"caption":"Solling"},"image":{"@id":"https:\/\/internatsolling.de\/fr\/#\/schema\/logo\/image\/"},"sameAs":["https:\/\/www.facebook.com\/InternatSolling","https:\/\/www.tiktok.com\/@internat.solling","https:\/\/www.youtube.com\/channel\/UCky9U8RvqgUCl-x99OEZprA","https:\/\/www.instagram.com\/internat.solling"]}]}},"_links":{"self":[{"href":"https:\/\/internatsolling.de\/fr\/wp-json\/wp\/v2\/pages\/6873","targetHints":{"allow":["GET"]}}],"collection":[{"href":"https:\/\/internatsolling.de\/fr\/wp-json\/wp\/v2\/pages"}],"about":[{"href":"https:\/\/internatsolling.de\/fr\/wp-json\/wp\/v2\/types\/page"}],"author":[{"embeddable":true,"href":"https:\/\/internatsolling.de\/fr\/wp-json\/wp\/v2\/users\/6"}],"replies":[{"embeddable":true,"href":"https:\/\/internatsolling.de\/fr\/wp-json\/wp\/v2\/comments?post=6873"}],"version-history":[{"count":16,"href":"https:\/\/internatsolling.de\/fr\/wp-json\/wp\/v2\/pages\/6873\/revisions"}],"predecessor-version":[{"id":6987,"href":"https:\/\/internatsolling.de\/fr\/wp-json\/wp\/v2\/pages\/6873\/revisions\/6987"}],"wp:attachment":[{"href":"https:\/\/internatsolling.de\/fr\/wp-json\/wp\/v2\/media?parent=6873"}],"curies":[{"name":"wp","href":"https:\/\/api.w.org\/{rel}","templated":true}]}}